{"id":2,"date":"2018-04-20T18:27:15","date_gmt":"2018-04-20T16:27:15","guid":{"rendered":"http:\/\/www.dubovnik.com\/dubovnik\/?page_id=2"},"modified":"2025-04-24T00:28:59","modified_gmt":"2025-04-23T22:28:59","slug":"dubovnik","status":"publish","type":"page","link":"http:\/\/www.dubovnik.com\/dubovnik\/","title":{"rendered":"HOME"},"content":{"rendered":"<p>[et_pb_section fb_built=\u00a0\u00bb1&Prime; fullwidth=\u00a0\u00bbon\u00a0\u00bb _builder_version=\u00a0\u00bb4.24.0&Prime; width=\u00a0\u00bb100%\u00a0\u00bb max_width=\u00a0\u00bb100%\u00a0\u00bb custom_margin=\u00a0\u00bb0px||0px\u00a0\u00bb custom_padding=\u00a0\u00bb0px||0px\u00a0\u00bb hover_enabled=\u00a0\u00bb0&Prime; custom_css_main_element=\u00a0\u00bbmargin : 0px;||position : absolute;||top : 0px;\u00a0\u00bb border_color_all=\u00a0\u00bbrgba(0,0,0,0)\u00a0\u00bb border_style_all=\u00a0\u00bbnone\u00a0\u00bb global_colors_info=\u00a0\u00bb{}\u00a0\u00bb sticky_enabled=\u00a0\u00bb0&Prime;][et_pb_fullwidth_code _builder_version=\u00a0\u00bb4.17.0&Prime; z_index=\u00a0\u00bb0&Prime; width=\u00a0\u00bb100%\u00a0\u00bb max_width=\u00a0\u00bb100%\u00a0\u00bb module_alignment=\u00a0\u00bbcenter\u00a0\u00bb height=\u00a0\u00bb100%\u00a0\u00bb custom_margin=\u00a0\u00bb0px||0px\u00a0\u00bb custom_padding=\u00a0\u00bb0px||0px\u00a0\u00bb hover_enabled=\u00a0\u00bb0&Prime; custom_css_main_element=\u00a0\u00bbposition: absolute;||top: 0px;||background-color: #000000;||overflow: hidden;||bottom: 0px;||||\u00a0\u00bb global_colors_info=\u00a0\u00bb{}\u00a0\u00bb sticky_enabled=\u00a0\u00bb0&Prime;]<STYLE type=\"text\/css\"><!-- [et_pb_line_break_holder] -->    body {<!-- [et_pb_line_break_holder] -->        overflow: hidden!important;<!-- [et_pb_line_break_holder] -->    }<!-- [et_pb_line_break_holder] --><\/STYLE><!-- [et_pb_line_break_holder] --><!-- [et_pb_line_break_holder] --><!-- [et_pb_line_break_holder] --><!-- [et_pb_line_break_holder] --><script src=\"http:\/\/www.dubovnik.com\/dubovnik\/addons\/js\/three.js\"><\/script><!-- [et_pb_line_break_holder] --><!-- [et_pb_line_break_holder] -->\t\t<script src=\"http:\/\/www.dubovnik.com\/dubovnik\/addons\/js\/CopyShader.js\"><\/script><!-- [et_pb_line_break_holder] -->\t\t<script src=\"http:\/\/www.dubovnik.com\/dubovnik\/addons\/js\/DotScreenShader.js\"><\/script><!-- [et_pb_line_break_holder] -->\t\t<script src=\"http:\/\/www.dubovnik.com\/dubovnik\/addons\/js\/RGBShiftShader.js\"><\/script><!-- [et_pb_line_break_holder] --><!-- [et_pb_line_break_holder] -->\t\t<script src=\"http:\/\/www.dubovnik.com\/dubovnik\/addons\/js\/EffectComposer.js\"><\/script><!-- [et_pb_line_break_holder] -->\t\t<script src=\"http:\/\/www.dubovnik.com\/dubovnik\/addons\/js\/RenderPass.js\"><\/script><!-- [et_pb_line_break_holder] -->\t\t<script src=\"http:\/\/www.dubovnik.com\/dubovnik\/addons\/js\/ShaderPass.js\"><\/script><!-- [et_pb_line_break_holder] --><!-- [et_pb_line_break_holder] --><!-- [et_pb_line_break_holder] -->\t\t<script><!-- [et_pb_line_break_holder] -->\t\t\tvar camera, scene, renderer, composer;<!-- [et_pb_line_break_holder] -->\t\t\tvar object, light;<!-- [et_pb_line_break_holder] -->\t\t\tinit();<!-- [et_pb_line_break_holder] -->\t\t\tanimate();<!-- [et_pb_line_break_holder] -->\t\t\tfunction init() {<!-- [et_pb_line_break_holder] -->\t\t\t\trenderer = new THREE.WebGLRenderer();<!-- [et_pb_line_break_holder] -->\t\t\t\trenderer.setPixelRatio( window.devicePixelRatio );<!-- [et_pb_line_break_holder] -->\t\t\t\trenderer.setSize( window.innerWidth, window.innerHeight );<!-- [et_pb_line_break_holder] -->\t\t\t\tdocument.body.appendChild( renderer.domElement );<!-- [et_pb_line_break_holder] -->\t\t\t\t\/\/<!-- [et_pb_line_break_holder] -->\t\t\t\tcamera = new THREE.PerspectiveCamera( 70, window.innerWidth \/ window.innerHeight, 1, 1000 );<!-- [et_pb_line_break_holder] -->\t\t\t\tcamera.position.z = 400;<!-- [et_pb_line_break_holder] -->\t\t\t\tscene = new THREE.Scene();<!-- [et_pb_line_break_holder] -->\t\t\t\tscene.fog = new THREE.Fog( 0x000000, 1, 1000 );<!-- [et_pb_line_break_holder] -->\t\t\t\tobject = new THREE.Object3D();<!-- [et_pb_line_break_holder] -->\t\t\t\tscene.add( object );<!-- [et_pb_line_break_holder] -->\t\t\t\tvar geometry = new THREE.SphereBufferGeometry( 1, 4, 4 );<!-- [et_pb_line_break_holder] -->\t\t\t\tvar material = new THREE.MeshPhongMaterial( { color: 0xffffff, flatShading: true } );<!-- [et_pb_line_break_holder] -->\t\t\t\tfor ( var i = 0; i < 100; i ++ ) {<!-- [et_pb_line_break_holder] -->\t\t\t\t\tvar mesh = new THREE.Mesh( geometry, material );<!-- [et_pb_line_break_holder] -->\t\t\t\t\tmesh.position.set( Math.random() - 0.5, Math.random() - 0.5, Math.random() - 0.5 ).normalize();<!-- [et_pb_line_break_holder] -->\t\t\t\t\tmesh.position.multiplyScalar( Math.random() * 400 );<!-- [et_pb_line_break_holder] -->\t\t\t\t\tmesh.rotation.set( Math.random() * 2, Math.random() * 2, Math.random() * 2 );<!-- [et_pb_line_break_holder] -->\t\t\t\t\tmesh.scale.x = mesh.scale.y = mesh.scale.z = Math.random() * 50;<!-- [et_pb_line_break_holder] -->\t\t\t\t\tobject.add( mesh );<!-- [et_pb_line_break_holder] -->\t\t\t\t}<!-- [et_pb_line_break_holder] -->\t\t\t\tscene.add( new THREE.AmbientLight( 0x222222 ) );<!-- [et_pb_line_break_holder] -->\t\t\t\tlight = new THREE.DirectionalLight( 0xffffff );<!-- [et_pb_line_break_holder] -->\t\t\t\tlight.position.set( 1, 1, 1 );<!-- [et_pb_line_break_holder] -->\t\t\t\tscene.add( light );<!-- [et_pb_line_break_holder] -->\t\t\t\t\/\/ postprocessing<!-- [et_pb_line_break_holder] -->\t\t\t\tcomposer = new THREE.EffectComposer( renderer );<!-- [et_pb_line_break_holder] -->\t\t\t\tcomposer.addPass( new THREE.RenderPass( scene, camera ) );<!-- [et_pb_line_break_holder] -->\t\t\t\tvar effect = new THREE.ShaderPass( THREE.DotScreenShader );<!-- [et_pb_line_break_holder] -->\t\t\t\teffect.uniforms[ 'scale' ].value = 3;<!-- [et_pb_line_break_holder] -->\t\t\t\tcomposer.addPass( effect );<!-- [et_pb_line_break_holder] -->\t\t\t\tvar effect = new THREE.ShaderPass( THREE.RGBShiftShader );<!-- [et_pb_line_break_holder] -->\t\t\t\teffect.uniforms[ 'amount' ].value = 0.0025;<!-- [et_pb_line_break_holder] -->\t\t\t\tcomposer.addPass( effect );<!-- [et_pb_line_break_holder] -->\t\t\t\t\/\/<!-- [et_pb_line_break_holder] -->\t\t\t\twindow.addEventListener( 'resize', onWindowResize, false );<!-- [et_pb_line_break_holder] -->\t\t\t}<!-- [et_pb_line_break_holder] -->\t\t\tfunction onWindowResize() {<!-- [et_pb_line_break_holder] -->\t\t\t\tcamera.aspect = window.innerWidth \/ window.innerHeight;<!-- [et_pb_line_break_holder] -->\t\t\t\tcamera.updateProjectionMatrix();<!-- [et_pb_line_break_holder] -->\t\t\t\trenderer.setSize( window.innerWidth, window.innerHeight );<!-- [et_pb_line_break_holder] -->\t\t\t\tcomposer.setSize( window.innerWidth, window.innerHeight );<!-- [et_pb_line_break_holder] -->\t\t\t}<!-- [et_pb_line_break_holder] -->\t\t\tfunction animate() {<!-- [et_pb_line_break_holder] -->\t\t\t\trequestAnimationFrame( animate );<!-- [et_pb_line_break_holder] -->\t\t\t\tobject.rotation.x += 0.005;<!-- [et_pb_line_break_holder] -->\t\t\t\tobject.rotation.y += 0.01;<!-- [et_pb_line_break_holder] -->\t\t\t\tcomposer.render();<!-- [et_pb_line_break_holder] -->\t\t\t}<!-- [et_pb_line_break_holder] -->\t\t<\/script>[\/et_pb_fullwidth_code][et_pb_fullwidth_header text_orientation=\u00a0\u00bbcenter\u00a0\u00bb header_fullscreen=\u00a0\u00bbon\u00a0\u00bb button_one_text=\u00a0\u00bbour news on facebook\u00a0\u00bb button_one_url=\u00a0\u00bbhttps:\/\/www.facebook.com\/dub0vnik\/\u00a0\u00bb button_two_text=\u00a0\u00bbmore on soundcloud\u00a0\u00bb button_two_url=\u00a0\u00bbhttps:\/\/soundcloud.com\/dubovnik\u00a0\u00bb background_overlay_color=\u00a0\u00bbrgba(0,0,0,0)\u00a0\u00bb logo_image_url=\u00a0\u00bbhttp:\/\/www.dubovnik.com\/dubovnik\/wp-content\/uploads\/2018\/04\/logo3-collectif-seul.png\u00a0\u00bb content_max_width_last_edited=\u00a0\u00bboff|desktop\u00a0\u00bb _builder_version=\u00a0\u00bb4.24.0&Prime; background_color=\u00a0\u00bbrgba(122,122,122,0.86)\u00a0\u00bb z_index=\u00a0\u00bb1&Prime; background_layout=\u00a0\u00bblight\u00a0\u00bb width=\u00a0\u00bb100%\u00a0\u00bb max_width=\u00a0\u00bb100%\u00a0\u00bb custom_margin=\u00a0\u00bb0px||0px\u00a0\u00bb custom_padding=\u00a0\u00bb0px||0px\u00a0\u00bb hover_enabled=\u00a0\u00bb0&Prime; custom_css_main_element=\u00a0\u00bbposition: absolute;||||\u00a0\u00bb global_colors_info=\u00a0\u00bb{}\u00a0\u00bb button_one_text_size__hover_enabled=\u00a0\u00bboff\u00a0\u00bb button_two_text_size__hover_enabled=\u00a0\u00bboff\u00a0\u00bb button_one_text_color__hover_enabled=\u00a0\u00bboff\u00a0\u00bb button_two_text_color__hover_enabled=\u00a0\u00bboff\u00a0\u00bb button_one_border_width__hover_enabled=\u00a0\u00bboff\u00a0\u00bb button_two_border_width__hover_enabled=\u00a0\u00bboff\u00a0\u00bb button_one_border_color__hover_enabled=\u00a0\u00bboff\u00a0\u00bb button_two_border_color__hover_enabled=\u00a0\u00bboff\u00a0\u00bb button_one_border_radius__hover_enabled=\u00a0\u00bboff\u00a0\u00bb button_two_border_radius__hover_enabled=\u00a0\u00bboff\u00a0\u00bb button_one_letter_spacing__hover_enabled=\u00a0\u00bboff\u00a0\u00bb button_two_letter_spacing__hover_enabled=\u00a0\u00bboff\u00a0\u00bb button_one_bg_color__hover_enabled=\u00a0\u00bboff\u00a0\u00bb button_two_bg_color__hover_enabled=\u00a0\u00bboff\u00a0\u00bb button_one_text__hover_enabled=\u00a0\u00bboff|desktop\u00a0\u00bb sticky_enabled=\u00a0\u00bb0&Prime;][\/et_pb_fullwidth_header][\/et_pb_section]<\/p>\n","protected":false},"excerpt":{"rendered":"","protected":false},"author":1,"featured_media":0,"parent":0,"menu_order":0,"comment_status":"closed","ping_status":"open","template":"","meta":{"_et_pb_use_builder":"on","_et_pb_old_content":"<p>ccueilVoici un exemple de page. Elle est diff\u00e9rente d\u2019un article de blog, en cela qu\u2019elle restera \u00e0 la m\u00eame place, et s\u2019affichera dans le menu de navigation de votre site (en fonction de votre th\u00e8me). La plupart des gens commencent par \u00e9crire une page \u00ab\u00a0\u00c0 Propos\u00a0\u00bb qui les pr\u00e9sente aux visiteurs potentiels du site. Vous pourriez y \u00e9crire quelque chose de ce tenant\u00a0:<\/p><blockquote><p>Bonjour\u00a0! Je suis un m\u00e9canicien qui aspire \u00e0 devenir un acteur, et ceci est mon blog. J\u2019habite \u00e0 Bordeaux, j\u2019ai un super chien qui s\u2019appelle Russell, et j\u2019aime la vodka-ananas (ainsi que perdre mon temps \u00e0 regarder la pluie tomber).<\/p><\/blockquote><p>...ou bien quelque chose comme cela\u00a0:<\/p><blockquote><p>La soci\u00e9t\u00e9 123 Machin Truc a \u00e9t\u00e9 cr\u00e9\u00e9e en 1971, et n\u2019a cess\u00e9 de proposer au public des machins-trucs de qualit\u00e9 depuis cette ann\u00e9e. Situ\u00e9e \u00e0 Saint-Remy-en-Bouzemont-Saint-Genest-et-Isson, 123 Machin Truc emploie 2\u00a0000 personnes, et fabrique toutes sortes de bidules super pour la communaut\u00e9 bouzemontoise.<\/p><\/blockquote><p>\u00c9tant donn\u00e9 que vous \u00eates un nouvel utilisateur ou une nouvelle utilisatrice de WordPress, vous devriez vous rendre sur votre <a href=\"http:\/\/www.dubovnik.com\/dubovnik\/wp-admin\/\">tableau de bord<\/a> pour effacer la pr\u00e9sente page, et cr\u00e9er de nouvelles pages avec votre propre contenu. Amusez-vous bien\u00a0!<\/p>","_et_gb_content_width":"","footnotes":""},"class_list":["post-2","page","type-page","status-publish","hentry"],"_links":{"self":[{"href":"http:\/\/www.dubovnik.com\/dubovnik\/wp-json\/wp\/v2\/pages\/2","targetHints":{"allow":["GET"]}}],"collection":[{"href":"http:\/\/www.dubovnik.com\/dubovnik\/wp-json\/wp\/v2\/pages"}],"about":[{"href":"http:\/\/www.dubovnik.com\/dubovnik\/wp-json\/wp\/v2\/types\/page"}],"author":[{"embeddable":true,"href":"http:\/\/www.dubovnik.com\/dubovnik\/wp-json\/wp\/v2\/users\/1"}],"replies":[{"embeddable":true,"href":"http:\/\/www.dubovnik.com\/dubovnik\/wp-json\/wp\/v2\/comments?post=2"}],"version-history":[{"count":38,"href":"http:\/\/www.dubovnik.com\/dubovnik\/wp-json\/wp\/v2\/pages\/2\/revisions"}],"predecessor-version":[{"id":596,"href":"http:\/\/www.dubovnik.com\/dubovnik\/wp-json\/wp\/v2\/pages\/2\/revisions\/596"}],"wp:attachment":[{"href":"http:\/\/www.dubovnik.com\/dubovnik\/wp-json\/wp\/v2\/media?parent=2"}],"curies":[{"name":"wp","href":"https:\/\/api.w.org\/{rel}","templated":true}]}}